{"id":2,"date":"2023-06-05T20:44:20","date_gmt":"2023-06-05T18:44:20","guid":{"rendered":"http:\/\/votredesir.fr\/?page_id=2"},"modified":"2023-06-12T12:55:41","modified_gmt":"2023-06-12T16:55:41","slug":"page-d-exemple","status":"publish","type":"page","link":"https:\/\/votredesir.fr\/index.php\/page-d-exemple\/","title":{"rendered":"\u00c0 propos"},"content":{"rendered":"\n<h2 class=\"wp-block-heading has-large-font-size\">Des professionnels \u00e0 votre service<\/h2>\n\n\n\n<p class=\"has-normal-font-size\">20 ans d&rsquo;exp\u00e9rience en :<\/p>\n\n\n\n<ul class=\"wp-block-list\">\n<li>Montage et installation d\u2019ordinateurs sur mesure<\/li>\n\n\n\n<li>D\u00e9ploiement d\u2019ordinateurs, imprimantes, de serveurs, routeurs, switch, cam\u00e9ras IP et analogiques, terminaux<\/li>\n\n\n\n<li>Installation de syst\u00e8mes d\u2019exploitation et logiciels, sauvegarde et restauration<\/li>\n\n\n\n<li>Maintenance et r\u00e9paration de mat\u00e9riels informatiques<\/li>\n\n\n\n<li>R\u00e9cup\u00e9ration de donn\u00e9es<\/li>\n\n\n\n<li>Ma\u00eetrise des circuits de la distribution (constructeurs, grossistes, revendeurs, service apr\u00e8s vente \u2026)<\/li>\n<\/ul>\n\n\n\n<h3 class=\"wp-block-heading has-medium-font-size\">Prestations informatiques :<\/h3>\n\n\n\n<ul class=\"wp-block-list\">\n<li>Audit et conseils en informatique<\/li>\n\n\n\n<li>Vente et installation de mat\u00e9riel informatique<\/li>\n\n\n\n<li>C\u00e2blage, brassage et mise en r\u00e9seau<\/li>\n\n\n\n<li>Contrats d\u2019assistance et de maintenance<\/li>\n\n\n\n<li>Diagnostic et d\u00e9pannage informatique<\/li>\n\n\n\n<li>R\u00e9cup\u00e9ration de donn\u00e9es<\/li>\n<\/ul>\n","protected":false},"excerpt":{"rendered":"<p>Des professionnels \u00e0 votre service 20 ans d&rsquo;exp\u00e9rience en : Prestations informatiques :<\/p>\n","protected":false},"author":1,"featured_media":0,"parent":0,"menu_order":0,"comment_status":"closed","ping_status":"open","template":"","meta":{"footnotes":""},"class_list":["post-2","page","type-page","status-publish","hentry"],"jetpack-related-posts":[],"_links":{"self":[{"href":"https:\/\/votredesir.fr\/index.php\/wp-json\/wp\/v2\/pages\/2","targetHints":{"allow":["GET"]}}],"collection":[{"href":"https:\/\/votredesir.fr\/index.php\/wp-json\/wp\/v2\/pages"}],"about":[{"href":"https:\/\/votredesir.fr\/index.php\/wp-json\/wp\/v2\/types\/page"}],"author":[{"embeddable":true,"href":"https:\/\/votredesir.fr\/index.php\/wp-json\/wp\/v2\/users\/1"}],"replies":[{"embeddable":true,"href":"https:\/\/votredesir.fr\/index.php\/wp-json\/wp\/v2\/comments?post=2"}],"version-history":[{"count":2,"href":"https:\/\/votredesir.fr\/index.php\/wp-json\/wp\/v2\/pages\/2\/revisions"}],"predecessor-version":[{"id":96,"href":"https:\/\/votredesir.fr\/index.php\/wp-json\/wp\/v2\/pages\/2\/revisions\/96"}],"wp:attachment":[{"href":"https:\/\/votredesir.fr\/index.php\/wp-json\/wp\/v2\/media?parent=2"}],"curies":[{"name":"wp","href":"https:\/\/api.w.org\/{rel}","templated":true}]}}